{"id":35,"date":"2019-01-23T14:42:52","date_gmt":"2019-01-23T14:42:52","guid":{"rendered":"http:\/\/kita-zwieseltal.de\/?page_id=35"},"modified":"2021-11-04T14:04:34","modified_gmt":"2021-11-04T14:04:34","slug":"impressum","status":"publish","type":"page","link":"http:\/\/kita-zwieseltal.de\/?page_id=35","title":{"rendered":"Impressum"},"content":{"rendered":"\n<p><strong>Christophorus Kindertagesst\u00e4tte Zwieseltal<\/strong><br>Am Wasserschloss 3<br>91126 Schwabach <br> Tel.-Nr.  Kindergarten 0911 638895<br> Tel.-Nr.  Krippe 0911 9644696<br>E-Mail: <a href=\"mailto:kita.zwieseltal.sc@elkb.de\">kita.zwieseltal.sc@elkb.de<\/a><\/p>\n\n\n\n<p><strong>Webmaster<\/strong><br>\nAndr\u00e9 Betz<br>\nAm Holzacker 81<br>\n91126 Schwabach-Wolkersdorf<br>\nTelefon (0911) 3606040<br>\nE-Mail <strong><a href=\"mailto:mail@andrebetz.de\">mail@andrebetz.de<\/a><\/strong><\/p>\n\n\n\n<p>Haftungshinweis: Trotz sorgf\u00e4ltiger inhaltlicher Kontrolle \u00fcbernehmen\n wir keine Haftung f\u00fcr die Inhalte externer Links. F\u00fcr den Inhalt der \nverlinkten Seiten sind ausschlie\u00dflich deren Betreiber verantwortlich.<\/p>\n","protected":false},"excerpt":{"rendered":"<p>Christophorus Kindertagesst\u00e4tte ZwieseltalAm Wasserschloss 391126 Schwabach Tel.-Nr. Kindergarten 0911 638895 Tel.-Nr. Krippe 0911 9644696E-Mail: kita.zwieseltal.sc@elkb.de Webmaster Andr\u00e9 Betz Am Holzacker 81 91126 Schwabach-Wolkersdorf Telefon (0911) 3606040 E-Mail mail@andrebetz.de Haftungshinweis: Trotz sorgf\u00e4ltiger inhaltlicher Kontrolle \u00fcbernehmen wir keine Haftung f\u00fcr die Inhalte&#8230;<br \/><a class=\"read-more-button\" href=\"http:\/\/kita-zwieseltal.de\/?page_id=35\">Mehr Lesen<\/a><\/p>\n","protected":false},"author":2,"featured_media":0,"parent":0,"menu_order":0,"comment_status":"closed","ping_status":"closed","template":"","meta":{"_s2mail":"yes","footnotes":""},"class_list":["post-35","page","type-page","status-publish","hentry"],"_links":{"self":[{"href":"http:\/\/kita-zwieseltal.de\/index.php?rest_route=\/wp\/v2\/pages\/35","targetHints":{"allow":["GET"]}}],"collection":[{"href":"http:\/\/kita-zwieseltal.de\/index.php?rest_route=\/wp\/v2\/pages"}],"about":[{"href":"http:\/\/kita-zwieseltal.de\/index.php?rest_route=\/wp\/v2\/types\/page"}],"author":[{"embeddable":true,"href":"http:\/\/kita-zwieseltal.de\/index.php?rest_route=\/wp\/v2\/users\/2"}],"replies":[{"embeddable":true,"href":"http:\/\/kita-zwieseltal.de\/index.php?rest_route=%2Fwp%2Fv2%2Fcomments&post=35"}],"version-history":[{"count":3,"href":"http:\/\/kita-zwieseltal.de\/index.php?rest_route=\/wp\/v2\/pages\/35\/revisions"}],"predecessor-version":[{"id":201,"href":"http:\/\/kita-zwieseltal.de\/index.php?rest_route=\/wp\/v2\/pages\/35\/revisions\/201"}],"wp:attachment":[{"href":"http:\/\/kita-zwieseltal.de\/index.php?rest_route=%2Fwp%2Fv2%2Fmedia&parent=35"}],"curies":[{"name":"wp","href":"https:\/\/api.w.org\/{rel}","templated":true}]}}